{"id":174,"date":"2017-09-05T20:53:03","date_gmt":"2017-09-06T00:53:03","guid":{"rendered":"https:\/\/ppgrn.ufms.br\/?page_id=147"},"modified":"2026-03-24T10:19:58","modified_gmt":"2026-03-24T14:19:58","slug":"formularios-documentos","status":"publish","type":"page","link":"https:\/\/ppgcm.ufms.br\/en\/formularios-documentos\/","title":{"rendered":"Forms Files"},"content":{"rendered":"<ul>\n<li><a href=\"https:\/\/ppgcm.ufms.br\/files\/2017\/09\/80-2017-Coun-CALEND\u00c1RIO-\u00daNICO-1.pdf\">80-2017-Coun &#8211; CALEND\u00c1RIO \u00daNICO<\/a>\u00a0&#8211; Academic Calendar<\/li>\n<li><a href=\"https:\/\/ppgcm.ufms.br\/files\/2017\/09\/RESOLUCAO-PGCM-n-60-de-19-12-2017-Normas-para-Concess\u00e3o-de-Bolsas.pdf\">RESOLUCAO (PGCM) n 60, de 19-12-2017 &#8211; Normas para Concess\u00e3o de Bolsas<\/a>\u00a0&#8211; Rules for fellows<\/li>\n<li><a href=\"https:\/\/ppgcm.ufms.br\/files\/2017\/09\/Resolucao_0424017_RESOLUCAO__COPP__n_91__de_05_04_2018-Novo-Regulamento-do-Curso.-1.pdf\">Resolucao_0424017_RESOLUCAO__COPP__n_91__de_05_04_2018 &#8211; Novo Regulamento do Curso.<\/a>\u00a0&#8211; Rules of the graduate course<\/li>\n<li><a href=\"https:\/\/ppgcm.ufms.br\/files\/2017\/09\/RESOLUCAO-PGCM-n-62-de-21-12-2017-Normas-da-disciplina-Est\u00e1gio-em-Doc\u00eancia.pdf\">RESOLUCAO (PGCM) n 62, de 21-12-2017 &#8211; Normas da disciplina Est\u00e1gio em Doc\u00eancia<\/a>\u00a0&#8211; Rules of supervised teaching<\/li>\n<li><a href=\"https:\/\/ppgcm.ufms.br\/files\/2017\/09\/RESOLUCAO-PGCM-n-49-de-14-11-2017-Sufici\u00eancia-em-L\u00edngua-Inglesa.pdf\">RESOLUCAO (PGCM) n 49, de 14-11-2017 &#8211; Sufici\u00eancia em L\u00edngua Inglesa<\/a>\u00a0&#8211; Rules of english knowledge<\/li>\n<li><a href=\"https:\/\/ppgcm.ufms.br\/files\/2017\/09\/RESOLUCAO__COPP__n_301__de_13_12_2017-Normas-da-P\u00f3s-Gradua\u00e7\u00e3o-Stricto-Sensu.pdf\">RESOLUCAO__COPP__n_301__de_13_12_2017 &#8211; Normas da P\u00f3s-Gradua\u00e7\u00e3o Stricto Sensu<\/a>\u00a0&#8211; General rules of postgraduation courses at UFMS<\/li>\n<\/ul>","protected":false},"excerpt":{"rendered":"<p>80-2017-Coun &#8211; CALEND\u00c1RIO \u00daNICO\u00a0&#8211; Academic Calendar RESOLUCAO (PGCM) n 60, de 19-12-2017 &#8211; Normas para Concess\u00e3o de Bolsas\u00a0&#8211; Rules for fellows Resolucao_0424017_RESOLUCAO__COPP__n_91__de_05_04_2018 &#8211; Novo Regulamento do Curso.\u00a0&#8211; Rules of the [&hellip;]<\/p>\n","protected":false},"author":3445,"featured_media":0,"parent":0,"menu_order":0,"comment_status":"closed","ping_status":"closed","template":"","meta":{"ngg_post_thumbnail":0,"footnotes":""},"coauthors":[23],"class_list":["post-174","page","type-page","status-publish","hentry"],"_links":{"self":[{"href":"https:\/\/ppgcm.ufms.br\/en\/wp-json\/wp\/v2\/pages\/174","targetHints":{"allow":["GET"]}}],"collection":[{"href":"https:\/\/ppgcm.ufms.br\/en\/wp-json\/wp\/v2\/pages"}],"about":[{"href":"https:\/\/ppgcm.ufms.br\/en\/wp-json\/wp\/v2\/types\/page"}],"author":[{"embeddable":true,"href":"https:\/\/ppgcm.ufms.br\/en\/wp-json\/wp\/v2\/users\/3445"}],"replies":[{"embeddable":true,"href":"https:\/\/ppgcm.ufms.br\/en\/wp-json\/wp\/v2\/comments?post=174"}],"version-history":[{"count":52,"href":"https:\/\/ppgcm.ufms.br\/en\/wp-json\/wp\/v2\/pages\/174\/revisions"}],"predecessor-version":[{"id":4152,"href":"https:\/\/ppgcm.ufms.br\/en\/wp-json\/wp\/v2\/pages\/174\/revisions\/4152"}],"wp:attachment":[{"href":"https:\/\/ppgcm.ufms.br\/en\/wp-json\/wp\/v2\/media?parent=174"}],"wp:term":[{"taxonomy":"author","embeddable":true,"href":"https:\/\/ppgcm.ufms.br\/en\/wp-json\/wp\/v2\/coauthors?post=174"}],"curies":[{"name":"wp","href":"https:\/\/api.w.org\/{rel}","templated":true}]}}