{"id":1962,"date":"2020-08-17T09:11:41","date_gmt":"2020-08-17T13:11:41","guid":{"rendered":"https:\/\/ppgcm.ufms.br\/?page_id=1962"},"modified":"2020-09-09T14:52:03","modified_gmt":"2020-09-09T18:52:03","slug":"avaliacao-de-suficiencia-em-lingua-estrangeira","status":"publish","type":"page","link":"https:\/\/ppgcm.ufms.br\/en\/avaliacao-de-suficiencia-em-lingua-estrangeira\/","title":{"rendered":"(Portugu\u00eas do Brasil) Avalia\u00e7\u00e3o de Sufici\u00eancia em L\u00edngua Estrangeira"},"content":{"rendered":"<p class=\"qtranxs-available-languages-message qtranxs-available-languages-message-en\">Sorry, this entry is only available in <a href=\"https:\/\/ppgcm.ufms.br\/pb\/wp-json\/wp\/v2\/pages\/1962\" class=\"qtranxs-available-language-link qtranxs-available-language-link-pb\" title=\"Portugu\u00eas do Brasil\">Portugu\u00eas do Brasil<\/a>.<\/p>","protected":false},"excerpt":{"rendered":"<p>Sorry, this entry is only available in Portugu\u00eas do Brasil.<\/p>\n","protected":false},"author":651,"featured_media":0,"parent":0,"menu_order":0,"comment_status":"closed","ping_status":"closed","template":"","meta":{"ngg_post_thumbnail":0,"footnotes":""},"coauthors":[],"class_list":["post-1962","page","type-page","status-publish","hentry"],"_links":{"self":[{"href":"https:\/\/ppgcm.ufms.br\/en\/wp-json\/wp\/v2\/pages\/1962","targetHints":{"allow":["GET"]}}],"collection":[{"href":"https:\/\/ppgcm.ufms.br\/en\/wp-json\/wp\/v2\/pages"}],"about":[{"href":"https:\/\/ppgcm.ufms.br\/en\/wp-json\/wp\/v2\/types\/page"}],"author":[{"embeddable":true,"href":"https:\/\/ppgcm.ufms.br\/en\/wp-json\/wp\/v2\/users\/651"}],"replies":[{"embeddable":true,"href":"https:\/\/ppgcm.ufms.br\/en\/wp-json\/wp\/v2\/comments?post=1962"}],"version-history":[{"count":5,"href":"https:\/\/ppgcm.ufms.br\/en\/wp-json\/wp\/v2\/pages\/1962\/revisions"}],"predecessor-version":[{"id":2019,"href":"https:\/\/ppgcm.ufms.br\/en\/wp-json\/wp\/v2\/pages\/1962\/revisions\/2019"}],"wp:attachment":[{"href":"https:\/\/ppgcm.ufms.br\/en\/wp-json\/wp\/v2\/media?parent=1962"}],"wp:term":[{"taxonomy":"author","embeddable":true,"href":"https:\/\/ppgcm.ufms.br\/en\/wp-json\/wp\/v2\/coauthors?post=1962"}],"curies":[{"name":"wp","href":"https:\/\/api.w.org\/{rel}","templated":true}]}}