{"id":2038,"date":"2020-09-23T10:35:13","date_gmt":"2020-09-23T14:35:13","guid":{"rendered":"https:\/\/ppgcm.ufms.br\/?page_id=2038"},"modified":"2021-04-13T16:00:42","modified_gmt":"2021-04-13T20:00:42","slug":"processo-seletivo-estagio-pos-doutoral-2020","status":"publish","type":"page","link":"https:\/\/ppgcm.ufms.br\/en\/processos-seletivos-encerrados\/encerrados-estagios\/processo-seletivo-estagio-pos-doutoral-2020\/","title":{"rendered":"(Portugu\u00eas do Brasil) Processo Seletivo Est\u00e1gio P\u00f3s-Doutoral 2020"},"content":{"rendered":"<p class=\"qtranxs-available-languages-message qtranxs-available-languages-message-en\">Sorry, this entry is only available in <a href=\"https:\/\/ppgcm.ufms.br\/pb\/wp-json\/wp\/v2\/pages\/2038\" class=\"qtranxs-available-language-link qtranxs-available-language-link-pb\" title=\"Portugu\u00eas do Brasil\">Portugu\u00eas do Brasil<\/a>.<\/p>","protected":false},"excerpt":{"rendered":"<p>Sorry, this entry is only available in Portugu\u00eas do Brasil.<\/p>\n","protected":false},"author":651,"featured_media":0,"parent":2048,"menu_order":0,"comment_status":"closed","ping_status":"closed","template":"","meta":{"ngg_post_thumbnail":0,"footnotes":""},"coauthors":[],"class_list":["post-2038","page","type-page","status-publish","hentry"],"_links":{"self":[{"href":"https:\/\/ppgcm.ufms.br\/en\/wp-json\/wp\/v2\/pages\/2038","targetHints":{"allow":["GET"]}}],"collection":[{"href":"https:\/\/ppgcm.ufms.br\/en\/wp-json\/wp\/v2\/pages"}],"about":[{"href":"https:\/\/ppgcm.ufms.br\/en\/wp-json\/wp\/v2\/types\/page"}],"author":[{"embeddable":true,"href":"https:\/\/ppgcm.ufms.br\/en\/wp-json\/wp\/v2\/users\/651"}],"replies":[{"embeddable":true,"href":"https:\/\/ppgcm.ufms.br\/en\/wp-json\/wp\/v2\/comments?post=2038"}],"version-history":[{"count":2,"href":"https:\/\/ppgcm.ufms.br\/en\/wp-json\/wp\/v2\/pages\/2038\/revisions"}],"predecessor-version":[{"id":2040,"href":"https:\/\/ppgcm.ufms.br\/en\/wp-json\/wp\/v2\/pages\/2038\/revisions\/2040"}],"up":[{"embeddable":true,"href":"https:\/\/ppgcm.ufms.br\/en\/wp-json\/wp\/v2\/pages\/2048"}],"wp:attachment":[{"href":"https:\/\/ppgcm.ufms.br\/en\/wp-json\/wp\/v2\/media?parent=2038"}],"wp:term":[{"taxonomy":"author","embeddable":true,"href":"https:\/\/ppgcm.ufms.br\/en\/wp-json\/wp\/v2\/coauthors?post=2038"}],"curies":[{"name":"wp","href":"https:\/\/api.w.org\/{rel}","templated":true}]}}