{"id":2275,"date":"2021-04-30T15:33:50","date_gmt":"2021-04-30T19:33:50","guid":{"rendered":"https:\/\/ppgcm.ufms.br\/?page_id=2275"},"modified":"2023-05-23T16:25:10","modified_gmt":"2023-05-23T20:25:10","slug":"processo-seletivo-bolsa-estagio-pos-doutorado-2021","status":"publish","type":"page","link":"https:\/\/ppgcm.ufms.br\/en\/processos-seletivos-encerrados\/encerrados-bolsas\/processo-seletivo-bolsa-estagio-pos-doutorado-2021\/","title":{"rendered":"(Portugu\u00eas do Brasil) Processo seletivo para bolsas 2021 &#8211; Est\u00e1gio p\u00f3s-doutoral"},"content":{"rendered":"<p class=\"qtranxs-available-languages-message qtranxs-available-languages-message-en\">Sorry, this entry is only available in <a href=\"https:\/\/ppgcm.ufms.br\/pb\/wp-json\/wp\/v2\/pages\/2275\" class=\"qtranxs-available-language-link qtranxs-available-language-link-pb\" title=\"Portugu\u00eas do Brasil\">Portugu\u00eas do Brasil<\/a>.<\/p>","protected":false},"excerpt":{"rendered":"<p>Sorry, this entry is only available in Portugu\u00eas do Brasil.<\/p>\n","protected":false},"author":651,"featured_media":0,"parent":1642,"menu_order":0,"comment_status":"closed","ping_status":"closed","template":"","meta":{"ngg_post_thumbnail":0,"footnotes":""},"coauthors":[],"class_list":["post-2275","page","type-page","status-publish","hentry"],"_links":{"self":[{"href":"https:\/\/ppgcm.ufms.br\/en\/wp-json\/wp\/v2\/pages\/2275","targetHints":{"allow":["GET"]}}],"collection":[{"href":"https:\/\/ppgcm.ufms.br\/en\/wp-json\/wp\/v2\/pages"}],"about":[{"href":"https:\/\/ppgcm.ufms.br\/en\/wp-json\/wp\/v2\/types\/page"}],"author":[{"embeddable":true,"href":"https:\/\/ppgcm.ufms.br\/en\/wp-json\/wp\/v2\/users\/651"}],"replies":[{"embeddable":true,"href":"https:\/\/ppgcm.ufms.br\/en\/wp-json\/wp\/v2\/comments?post=2275"}],"version-history":[{"count":8,"href":"https:\/\/ppgcm.ufms.br\/en\/wp-json\/wp\/v2\/pages\/2275\/revisions"}],"predecessor-version":[{"id":2323,"href":"https:\/\/ppgcm.ufms.br\/en\/wp-json\/wp\/v2\/pages\/2275\/revisions\/2323"}],"up":[{"embeddable":true,"href":"https:\/\/ppgcm.ufms.br\/en\/wp-json\/wp\/v2\/pages\/1642"}],"wp:attachment":[{"href":"https:\/\/ppgcm.ufms.br\/en\/wp-json\/wp\/v2\/media?parent=2275"}],"wp:term":[{"taxonomy":"author","embeddable":true,"href":"https:\/\/ppgcm.ufms.br\/en\/wp-json\/wp\/v2\/coauthors?post=2275"}],"curies":[{"name":"wp","href":"https:\/\/api.w.org\/{rel}","templated":true}]}}