{"id":37,"date":"2017-06-23T14:12:17","date_gmt":"2017-06-23T18:12:17","guid":{"rendered":"http:\/\/ppgbioanimal.draconis.ufms.br\/?page_id=37"},"modified":"2023-08-21T13:56:11","modified_gmt":"2023-08-21T17:56:11","slug":"contato","status":"publish","type":"page","link":"https:\/\/ppgcm.ufms.br\/en\/contato\/","title":{"rendered":"Contact"},"content":{"rendered":"<h2>Address<\/h2>\n<p>Universidade Federal de Mato Grosso do Sul<br \/>\nInstituto de F\u00edsica &#8211; Unidade V<br \/>\nAv. Costa e Silva, s\/n\u00ba, Bairro Universit\u00e1rio &#8211; CEP 79.070-900, Campo Grande &#8211; MS.<\/p>\n<h2>Contact<\/h2>\n<p>Phone: 67 3345-7481<br \/>\nE-mail: secpgcm.infi@ufms.br<br \/>\nSecretary: Fl\u00e1via Ba\u00fa","protected":false},"excerpt":{"rendered":"<p>Address Universidade Federal de Mato Grosso do Sul Instituto de F\u00edsica &#8211; Unidade V Av. Costa e Silva, s\/n\u00ba, Bairro Universit\u00e1rio &#8211; CEP 79.070-900, Campo Grande &#8211; MS. Contact Phone: [&hellip;]<\/p>\n","protected":false},"author":3697,"featured_media":0,"parent":0,"menu_order":0,"comment_status":"closed","ping_status":"closed","template":"","meta":{"ngg_post_thumbnail":0,"footnotes":""},"coauthors":[],"class_list":["post-37","page","type-page","status-publish","hentry"],"_links":{"self":[{"href":"https:\/\/ppgcm.ufms.br\/en\/wp-json\/wp\/v2\/pages\/37","targetHints":{"allow":["GET"]}}],"collection":[{"href":"https:\/\/ppgcm.ufms.br\/en\/wp-json\/wp\/v2\/pages"}],"about":[{"href":"https:\/\/ppgcm.ufms.br\/en\/wp-json\/wp\/v2\/types\/page"}],"author":[{"embeddable":true,"href":"https:\/\/ppgcm.ufms.br\/en\/wp-json\/wp\/v2\/users\/3697"}],"replies":[{"embeddable":true,"href":"https:\/\/ppgcm.ufms.br\/en\/wp-json\/wp\/v2\/comments?post=37"}],"version-history":[{"count":5,"href":"https:\/\/ppgcm.ufms.br\/en\/wp-json\/wp\/v2\/pages\/37\/revisions"}],"predecessor-version":[{"id":3013,"href":"https:\/\/ppgcm.ufms.br\/en\/wp-json\/wp\/v2\/pages\/37\/revisions\/3013"}],"wp:attachment":[{"href":"https:\/\/ppgcm.ufms.br\/en\/wp-json\/wp\/v2\/media?parent=37"}],"wp:term":[{"taxonomy":"author","embeddable":true,"href":"https:\/\/ppgcm.ufms.br\/en\/wp-json\/wp\/v2\/coauthors?post=37"}],"curies":[{"name":"wp","href":"https:\/\/api.w.org\/{rel}","templated":true}]}}